{"id":23,"date":"2023-07-07T11:43:04","date_gmt":"2023-07-07T11:43:04","guid":{"rendered":"https:\/\/spirre.pn2.no\/?page_id=23"},"modified":"2023-07-11T06:21:58","modified_gmt":"2023-07-11T06:21:58","slug":"home","status":"publish","type":"page","link":"https:\/\/spirre.pn2.no\/","title":{"rendered":"Spirre"},"content":{"rendered":"<p style=\"text-align: center;\">Spirre f\u00f6ddes i maj 2008 och flyttade in till oss tillsammans med sin bror <a href=\"https:\/\/virre.pn2.no\/\" target=\"_blank\" rel=\"noopener\">Virre<\/a> i september samma \u00e5r.<\/p>\n<style>\/*! elementor - v3.14.0 - 26-06-2023 *\/\n.elementor-widget-image{text-align:center}.elementor-widget-image a{display:inline-block}.elementor-widget-image a img[src$=\".svg\"]{width:48px}.elementor-widget-image img{vertical-align:middle;display:inline-block}<\/style>\n<p>\t\t\t\t\t\t\t\t\t\t\t\t<img decoding=\"async\" width=\"2560\" height=\"1920\" src=\"http:\/\/spirre.pn2.no\/wp-content\/uploads\/2023\/07\/23-05-30-21-10-46-7227-scaled.jpg\" alt=\"\" loading=\"lazy\" srcset=\"https:\/\/spirre.pn2.no\/wp-content\/uploads\/2023\/07\/23-05-30-21-10-46-7227-scaled.jpg 2560w, https:\/\/spirre.pn2.no\/wp-content\/uploads\/2023\/07\/23-05-30-21-10-46-7227-300x225.jpg 300w, https:\/\/spirre.pn2.no\/wp-content\/uploads\/2023\/07\/23-05-30-21-10-46-7227-1024x768.jpg 1024w, https:\/\/spirre.pn2.no\/wp-content\/uploads\/2023\/07\/23-05-30-21-10-46-7227-768x576.jpg 768w, https:\/\/spirre.pn2.no\/wp-content\/uploads\/2023\/07\/23-05-30-21-10-46-7227-1536x1152.jpg 1536w, https:\/\/spirre.pn2.no\/wp-content\/uploads\/2023\/07\/23-05-30-21-10-46-7227-2048x1536.jpg 2048w\" sizes=\"auto, (max-width: 2560px) 100vw, 2560px\" \/>\t\t\t\t\t\t\t\t\t\t\t\t\t\t\t<\/p>\n<p style=\"text-align: center;\">Spirre somnade in 29-juni 2023, men kommer alltid att finnas i v\u00e5ra hj\u00e4rtan! <\/p>\n<p style=\"text-align: center;\">Tack f\u00f6r all tid vi fick tillsammans med dig! \u2764\ufe0f<\/p>\n<p>\t\t\t\t\t\t\t\t\t\t\t\t\t\t\t<img decoding=\"async\" width=\"2016\" height=\"1512\" src=\"http:\/\/spirre.pn2.no\/wp-content\/uploads\/2023\/07\/22-05-08-10-57-51-5412-resized.jpg\" alt=\"\" loading=\"lazy\" srcset=\"https:\/\/spirre.pn2.no\/wp-content\/uploads\/2023\/07\/22-05-08-10-57-51-5412-resized.jpg 2016w, https:\/\/spirre.pn2.no\/wp-content\/uploads\/2023\/07\/22-05-08-10-57-51-5412-resized-300x225.jpg 300w, https:\/\/spirre.pn2.no\/wp-content\/uploads\/2023\/07\/22-05-08-10-57-51-5412-resized-1024x768.jpg 1024w, https:\/\/spirre.pn2.no\/wp-content\/uploads\/2023\/07\/22-05-08-10-57-51-5412-resized-768x576.jpg 768w, https:\/\/spirre.pn2.no\/wp-content\/uploads\/2023\/07\/22-05-08-10-57-51-5412-resized-1536x1152.jpg 1536w\" sizes=\"auto, (max-width: 2016px) 100vw, 2016px\" \/>\t\t\t\t\t\t\t\t\t\t\t\t\t\t\t<\/p>\n<p style=\"text-align: center;\">En dag i v\u00e5rsolen. \u00c4ntligen \u00e4r v\u00e5ren h\u00e4r!<\/p>\n<p>\t\t\t\t\t\t\t\t\t\t\t\t\t\t\t<img decoding=\"async\" width=\"2016\" height=\"1512\" src=\"http:\/\/spirre.pn2.no\/wp-content\/uploads\/2023\/07\/22-04-22-12-10-32-5277-resized.jpg\" alt=\"\" loading=\"lazy\" srcset=\"https:\/\/spirre.pn2.no\/wp-content\/uploads\/2023\/07\/22-04-22-12-10-32-5277-resized.jpg 2016w, https:\/\/spirre.pn2.no\/wp-content\/uploads\/2023\/07\/22-04-22-12-10-32-5277-resized-300x225.jpg 300w, https:\/\/spirre.pn2.no\/wp-content\/uploads\/2023\/07\/22-04-22-12-10-32-5277-resized-1024x768.jpg 1024w, https:\/\/spirre.pn2.no\/wp-content\/uploads\/2023\/07\/22-04-22-12-10-32-5277-resized-768x576.jpg 768w, https:\/\/spirre.pn2.no\/wp-content\/uploads\/2023\/07\/22-04-22-12-10-32-5277-resized-1536x1152.jpg 1536w\" sizes=\"auto, (max-width: 2016px) 100vw, 2016px\" \/>\t\t\t\t\t\t\t\t\t\t\t\t\t\t\t<\/p>\n<p style=\"text-align: center;\">Aningen varmt, b\u00e4st att h\u00e5lla sig i skuggan.<\/p>\n<p>\t\t\t\t\t\t\t\t\t\t\t\t\t\t\t<img decoding=\"async\" width=\"2560\" height=\"1920\" src=\"http:\/\/spirre.pn2.no\/wp-content\/uploads\/2023\/07\/Spirre_Virre-copy-scaled.jpg\" alt=\"\" loading=\"lazy\" srcset=\"https:\/\/spirre.pn2.no\/wp-content\/uploads\/2023\/07\/Spirre_Virre-copy-scaled.jpg 2560w, https:\/\/spirre.pn2.no\/wp-content\/uploads\/2023\/07\/Spirre_Virre-copy-300x225.jpg 300w, https:\/\/spirre.pn2.no\/wp-content\/uploads\/2023\/07\/Spirre_Virre-copy-1024x768.jpg 1024w, https:\/\/spirre.pn2.no\/wp-content\/uploads\/2023\/07\/Spirre_Virre-copy-768x576.jpg 768w, https:\/\/spirre.pn2.no\/wp-content\/uploads\/2023\/07\/Spirre_Virre-copy-1536x1152.jpg 1536w, https:\/\/spirre.pn2.no\/wp-content\/uploads\/2023\/07\/Spirre_Virre-copy-2048x1536.jpg 2048w\" sizes=\"auto, (max-width: 2560px) 100vw, 2560px\" \/>\t\t\t\t\t\t\t\t\t\t\t\t\t\t\t<\/p>\n<p style=\"text-align: center;\">Vila i fred v\u00e5ra \u00e4lsklingar!<\/p>\n","protected":false},"excerpt":{"rendered":"<p>Spirre f\u00f6ddes i maj 2008 och flyttade in till oss tillsammans med sin bror Virre i september samma \u00e5r. Spirre somnade in 29-juni 2023, men kommer alltid att finnas i v\u00e5ra hj\u00e4rtan! Tack f\u00f6r all tid vi fick tillsammans med dig! \u2764\ufe0f En dag i v\u00e5rsolen. \u00c4ntligen \u00e4r v\u00e5ren h\u00e4r! Aningen varmt, b\u00e4st att h\u00e5lla&#8230;<\/p>\n","protected":false},"author":1,"featured_media":0,"parent":0,"menu_order":0,"comment_status":"closed","ping_status":"closed","template":"elementor_header_footer","meta":{"footnotes":""},"class_list":["post-23","page","type-page","status-publish","hentry"],"_links":{"self":[{"href":"https:\/\/spirre.pn2.no\/index.php\/wp-json\/wp\/v2\/pages\/23","targetHints":{"allow":["GET"]}}],"collection":[{"href":"https:\/\/spirre.pn2.no\/index.php\/wp-json\/wp\/v2\/pages"}],"about":[{"href":"https:\/\/spirre.pn2.no\/index.php\/wp-json\/wp\/v2\/types\/page"}],"author":[{"embeddable":true,"href":"https:\/\/spirre.pn2.no\/index.php\/wp-json\/wp\/v2\/users\/1"}],"replies":[{"embeddable":true,"href":"https:\/\/spirre.pn2.no\/index.php\/wp-json\/wp\/v2\/comments?post=23"}],"version-history":[{"count":77,"href":"https:\/\/spirre.pn2.no\/index.php\/wp-json\/wp\/v2\/pages\/23\/revisions"}],"predecessor-version":[{"id":125,"href":"https:\/\/spirre.pn2.no\/index.php\/wp-json\/wp\/v2\/pages\/23\/revisions\/125"}],"wp:attachment":[{"href":"https:\/\/spirre.pn2.no\/index.php\/wp-json\/wp\/v2\/media?parent=23"}],"curies":[{"name":"wp","href":"https:\/\/api.w.org\/{rel}","templated":true}]}}